{"id":598,"date":"2018-05-18T14:15:24","date_gmt":"2018-05-18T12:15:24","guid":{"rendered":"http:\/\/www.ausserdorfer.it\/?page_id=598"},"modified":"2018-06-07T14:30:49","modified_gmt":"2018-06-07T12:30:49","slug":"come-raggiungerci","status":"publish","type":"page","link":"https:\/\/www.ausserdorfer.it\/it\/come-raggiungerci\/","title":{"rendered":"Tranquillo e tuttavia in <strong>posizione centrale<\/strong>"},"content":{"rendered":"<h3>IN MACCHINA<\/h3>\n<p>IN AUTOMOBILE DA VERONA: Percorrere l\u2019autostrada del Brennero A22 fino a Bolzano Sud e proseguire lungo la superstrada 38 Merano-Bolzano in direzione Merano. All\u2019uscita Lana Sud girare a sinistra in direzione Lana.<\/p>\n<p>IN AUTOMOBILE DAL PASSO DEL BRENNERO: Percorrere l\u2019autostrada del Brennero A22 fino al casello di Bolzano Sud, quindi proseguire in direzione Merano sulla superstrada 38 Merano-Bolzano. All\u2019uscita Lana Sud girare a sinistra in direzione Lana.<\/p>\n<p>IN AUTOMOBILE DA PASSO RESIA: Arrivando dal Passo Resia, si percorre la strada provinciale 40 attraversando la suggestiva Val Venosta. Si imbocca quindi la superstrada 38 Merano \u2013 Bolzano, nei pressi della Birreria Forst (alle porte di Merano) fino all\u2019uscita di Merano Sud, quindi si gira a destra in direzione Lana. Giunti alla rotatoria, prendere la seconda diramazione e proseguire in direzione Lana centro.<\/p>\n<p>IN AUTOMOBILE DA ZURIGO: A Zurigo prendere l\u2019autostrada A3 in direzione St. Gallen quindi, poco prima di Bad Ragaz, imboccare l\u2019autostrada A13 in direzione St. Margrethen. A Nendeln proseguire in direzione dell\u2019Austria, passando attraverso Feldkirch, percorrere la galleria dell\u2019Arlberg, fino a Landeck. Attraversare Passo Resia e imboccare la superstrada 38 Merano \u2013 Bolzano, nei pressi della Birreria Forst (alle porte di Merano) fino all\u2019uscita di Merano Sud quindi si gira a destra in direzione Lana centro. Giunti alla rotatoria, prendere la seconda diramazione e proseguire in direzione Lana centro.<\/p>\n<p><a href=\"http:\/\/www.provincia.bz.it\/traffico\/prodotti\/bolletino-traffico-testuale.asp\" target=\"_blank\" rel=\"noopener\">Bollettino del traffico<\/a><br \/>\nCentrale Viabilit\u00e0 Bolzano &#8211; Tel. 0471\/200198<br \/>\nAutostrada del Brennero A22 &#8211; Numero verde: 800\/279940<\/p>\n<h3>IN TRENO<\/h3>\n<p>Il treno \u00e8 il mezzo pi\u00f9 comodo per arrivare a Bolzano, per poi \u00e8 possibile prendere il treno locale per Postal\/Lana.<\/p>\n<p>Collegamenti principali:<br \/>\n\u2022 Milano \u2013 Verona \u2013 Bolzano \u2013 Brennero<br \/>\n\u2022 Venezia \u2013 Verona \u2013 Bolzano \u2013 Brennero<br \/>\n\u2022 Roma \u2013 Bologna \u2013 Verona \u2013 Bolzano \u2013 Brennero<\/p>\n<p>Informazioni e orari ferroviari sui seguenti siti:<br \/>\n<a href=\"http:\/\/www.trenitalia.com\/\" target=\"_blank\" rel=\"noopener\">Trenitalia<\/a><br \/>\n<a href=\"https:\/\/www.oebb.at\/en\/\" target=\"_blank\" rel=\"noopener\">Ferrovie austriache<\/a><br \/>\n<a href=\"https:\/\/www.bahn.com\/it\/view\/index.shtml\" target=\"_blank\" rel=\"noopener\">Ferrovie tedesche<\/a><\/p>\n<h3>IN AEREO<\/h3>\n<p>Gli aeroporti pi\u00f9 vicini sono: Innsbruck (ca. 90 minuti), Verona Catullo (ca. 90 minuti), Bergamo (ca 2 ore e 30 minuti). Da Milano e Venezia occorrono circa 3-4 ore di auto.<\/p>\n<p>Altre informazioni sui seguenti siti:<br \/>\n<a href=\"https:\/\/www.alitalia.com\/it_it\" target=\"_blank\" rel=\"noopener\">Alitalia<\/a><br \/>\n<a href=\"http:\/\/www.bolzanoairport.it\/\" target=\"_blank\" rel=\"noopener\">Aeroporto di Bolzano<\/a><br \/>\n<a href=\"https:\/\/www.innsbruck-airport.com\/it\" target=\"_blank\" rel=\"noopener\">Aeroporto di Innsbruck<\/a><br \/>\n<a href=\"https:\/\/www.aeroportoverona.it\/\" target=\"_blank\" rel=\"noopener\">Aeroporto di Verona<\/a><br \/>\n<a href=\"http:\/\/www.milanbergamoairport.it\" target=\"_blank\" rel=\"noopener\">Aeroporto di Bergamo<\/a><\/p>\n","protected":false},"excerpt":{"rendered":"<p>IN MACCHINA IN AUTOMOBILE DA VERONA: Percorrere l\u2019autostrada del Brennero A22 fino a Bolzano Sud e proseguire lungo la superstrada 38 Merano-Bolzano in direzione Merano. All\u2019uscita Lana Sud girare a sinistra in direzione Lana. IN AUTOMOBILE DAL PASSO DEL BRENNERO: Percorrere l\u2019autostrada del Brennero A22 fino al casello di Bolzano Sud, quindi proseguire in direzione [&hellip;]<\/p>\n","protected":false},"author":1,"featured_media":473,"parent":0,"menu_order":14,"comment_status":"closed","ping_status":"closed","template":"page-anreise.php","meta":{"footnotes":""},"class_list":["post-598","page","type-page","status-publish","has-post-thumbnail","hentry"],"_links":{"self":[{"href":"https:\/\/www.ausserdorfer.it\/it\/wp-json\/wp\/v2\/pages\/598"}],"collection":[{"href":"https:\/\/www.ausserdorfer.it\/it\/wp-json\/wp\/v2\/pages"}],"about":[{"href":"https:\/\/www.ausserdorfer.it\/it\/wp-json\/wp\/v2\/types\/page"}],"author":[{"embeddable":true,"href":"https:\/\/www.ausserdorfer.it\/it\/wp-json\/wp\/v2\/users\/1"}],"replies":[{"embeddable":true,"href":"https:\/\/www.ausserdorfer.it\/it\/wp-json\/wp\/v2\/comments?post=598"}],"version-history":[{"count":0,"href":"https:\/\/www.ausserdorfer.it\/it\/wp-json\/wp\/v2\/pages\/598\/revisions"}],"wp:featuredmedia":[{"embeddable":true,"href":"https:\/\/www.ausserdorfer.it\/it\/wp-json\/wp\/v2\/media\/473"}],"wp:attachment":[{"href":"https:\/\/www.ausserdorfer.it\/it\/wp-json\/wp\/v2\/media?parent=598"}],"curies":[{"name":"wp","href":"https:\/\/api.w.org\/{rel}","templated":true}]}}